{"id":199,"date":"2019-09-25T08:45:21","date_gmt":"2019-09-25T06:45:21","guid":{"rendered":"https:\/\/www.cadbas.de\/?page_id=199"},"modified":"2020-10-27T12:50:17","modified_gmt":"2020-10-27T11:50:17","slug":"prozessplanung-und-implementierungskonzeptionen","status":"publish","type":"page","link":"https:\/\/www.cadbas.de\/en\/prozessplanung-und-implementierungskonzeptionen\/","title":{"rendered":"Process planning and implementation concepts"},"content":{"rendered":"<p>Part Management projects require to reconsider and, if necessary, to redesign existing workflows &#8211; or processes. This is the only way to reduce, avoid and master part proliferation and complexity in the long-term and to create the necessary data quality so that the part management applications are accepted.<\/p>\n<p>When planning processes, it is essential that they fit your company and corporate culture. Therefore we do not impose a standard process of our applications on you which you have to accept, Wir st\u00fclpen Ihnen daher nicht einen Standardprozess unserer Applikationen \u00fcber, mit dem Sie sich abfinden m\u00fcssen, sondern erarbeiten gemeinsam mit Ihnen, auf Basis von Best Practices den f\u00fcr Sie besten Ablauf. The applications are configured and tailored to your wishes and requirements because that is exactly what they are designed for.<\/p>\n<p>Our \u201dprocess maps\u201c are therefore the centerpiece of every part management project. They illustrate the processes, use cases, functions, system interfaces and information flows individually planned with you in a simple and comprehensible way. This allows you to see the complete solution at a glance right from the start of the project: You get an overview of responsibilities in the process, recognize sequences and possible combinations of individual processes, activities and functions, you get an overview of interfaces between systems and persons and, last but not least, you can also trace information flows. <\/p>\n<p>Process maps provide for clear communication without ambiguity among all parties involved in the project. Process maps guarantee planning reliability and a fast implementation at optimal cost. In addition, they are excellently suitable for trainings and technical service during ongoing operation.\u00a0 sind die Garanten f\u00fcr hohe Planungssicherheit und eine z\u00fcgige und kostenoptimale Umsetzung. Furthermore, they are excellently suitable for trainings and technical service during running operation.<\/p>\n<div class=\"cdb-info-box\">\n<div class=\"cdb-info-box-container\">\n<div class=\"cdb-info-box-item\"><img decoding=\"async\" class=\"icon\" src=\"https:\/\/www.cadbas.de\/wp-content\/uploads\/2019\/09\/zahnrad_like.png\" alt=\"\" \/><\/div>\n<div class=\"cdb-info-box-item\">\n<h3>Benefit of process planning and implementation concepts:<\/h3>\n<ul>\n<li>Avoidance of project loops through tiral and error<\/li>\n<li>Optimal communication between all parties involved in the project<\/li>\n<li>Traceability of processes, responsibilities and information flows<\/li>\n<li>Planning reliablility in implementation and process control in operation<\/li>\n<\/ul>\n<\/div>\n<\/div>\n<\/div>\n<div class=\"cdb-info-box\">\n<div class=\"cdb-info-box-container\">\n<div class=\"cdb-info-box-item\"><img decoding=\"async\" class=\"icon\" src=\"https:\/\/www.cadbas.de\/wp-content\/uploads\/2019\/09\/zahnrad_lupe.png\" alt=\"\" \/><\/div>\n<div class=\"cdb-info-box-item\">\n<h3>Measures to achieve process planning and implementation concepts:<\/h3>\n<ul>\n<li>Process workshops<\/li>\n<li>Development of processes and workflows<\/li>\n<li>Development of a data model<\/li>\n<li>Development of roles and authorizations<\/li>\n<\/ul>\n<\/div>\n<\/div>\n<\/div>\n","protected":false},"excerpt":{"rendered":"<p>Part Management projects require to reconsider and, if necessary, to redesign existing workflows &#8211; or processes. This is the only way to reduce, avoid and master part proliferation and complexity in the long-term and to create the necessary data quality<\/p>\n","protected":false},"author":1,"featured_media":102,"parent":0,"menu_order":0,"comment_status":"closed","ping_status":"closed","template":"","meta":{"footnotes":""},"class_list":["post-199","page","type-page","status-publish","has-post-thumbnail","hentry"],"translation":{"provider":"WPGlobus","version":"3.0.2","language":"en","enabled_languages":["de","en"],"languages":{"de":{"title":true,"content":true,"excerpt":false},"en":{"title":true,"content":true,"excerpt":false}}},"yoast_head":"<!-- This site is optimized with the Yoast SEO plugin v27.3 - https:\/\/yoast.com\/product\/yoast-seo-wordpress\/ -->\n<title>Process planning and implementation concepts - CADBAS GmbH<\/title>\n<meta name=\"robots\" content=\"index, follow, max-snippet:-1, max-image-preview:large, max-video-preview:-1\" \/>\n<link rel=\"canonical\" href=\"https:\/\/www.cadbas.de\/prozessplanung-und-implementierungskonzeptionen\/\" \/>\n<meta property=\"og:locale\" content=\"en_US\" \/>\n<meta property=\"og:type\" content=\"article\" \/>\n<meta property=\"og:title\" content=\"Process planning and implementation concepts - CADBAS GmbH\" \/>\n<meta property=\"og:url\" content=\"https:\/\/www.cadbas.de\/prozessplanung-und-implementierungskonzeptionen\/\" \/>\n<meta property=\"og:site_name\" content=\"CADBAS GmbH\" \/>\n<meta property=\"article:modified_time\" content=\"2020-10-27T11:50:17+00:00\" \/>\n<meta property=\"og:image\" content=\"https:\/\/www.cadbas.de\/wp-content\/uploads\/2019\/09\/ci_organisation-e1569433771968.jpg\" \/>\n\t<meta property=\"og:image:width\" content=\"1440\" \/>\n\t<meta property=\"og:image:height\" content=\"420\" \/>\n\t<meta property=\"og:image:type\" content=\"image\/jpeg\" \/>\n<meta name=\"twitter:card\" content=\"summary_large_image\" \/>\n<meta name=\"twitter:label1\" content=\"Est. reading time\" \/>\n\t<meta name=\"twitter:data1\" content=\"3 minutes\" \/>\n<script type=\"application\/ld+json\" class=\"yoast-schema-graph\">{\"@context\":\"https:\\\/\\\/schema.org\",\"@graph\":[{\"@type\":\"WebPage\",\"@id\":\"https:\\\/\\\/www.cadbas.de\\\/prozessplanung-und-implementierungskonzeptionen\\\/\",\"url\":\"https:\\\/\\\/www.cadbas.de\\\/prozessplanung-und-implementierungskonzeptionen\\\/\",\"name\":\"Process planning and implementation concepts - CADBAS GmbH\",\"isPartOf\":{\"@id\":\"https:\\\/\\\/www.cadbas.de\\\/#website\"},\"primaryImageOfPage\":{\"@id\":\"https:\\\/\\\/www.cadbas.de\\\/prozessplanung-und-implementierungskonzeptionen\\\/#primaryimage\"},\"image\":{\"@id\":\"https:\\\/\\\/www.cadbas.de\\\/prozessplanung-und-implementierungskonzeptionen\\\/#primaryimage\"},\"thumbnailUrl\":\"https:\\\/\\\/www.cadbas.de\\\/wp-content\\\/uploads\\\/2019\\\/09\\\/ci_organisation-e1569433771968.jpg\",\"datePublished\":\"2019-09-25T06:45:21+00:00\",\"dateModified\":\"2020-10-27T11:50:17+00:00\",\"breadcrumb\":{\"@id\":\"https:\\\/\\\/www.cadbas.de\\\/prozessplanung-und-implementierungskonzeptionen\\\/#breadcrumb\"},\"inLanguage\":\"en-US\",\"potentialAction\":[{\"@type\":\"ReadAction\",\"target\":[\"https:\\\/\\\/www.cadbas.de\\\/prozessplanung-und-implementierungskonzeptionen\\\/\"]}]},{\"@type\":\"ImageObject\",\"inLanguage\":\"en-US\",\"@id\":\"https:\\\/\\\/www.cadbas.de\\\/prozessplanung-und-implementierungskonzeptionen\\\/#primaryimage\",\"url\":\"https:\\\/\\\/www.cadbas.de\\\/wp-content\\\/uploads\\\/2019\\\/09\\\/ci_organisation-e1569433771968.jpg\",\"contentUrl\":\"https:\\\/\\\/www.cadbas.de\\\/wp-content\\\/uploads\\\/2019\\\/09\\\/ci_organisation-e1569433771968.jpg\",\"width\":1440,\"height\":420},{\"@type\":\"BreadcrumbList\",\"@id\":\"https:\\\/\\\/www.cadbas.de\\\/prozessplanung-und-implementierungskonzeptionen\\\/#breadcrumb\",\"itemListElement\":[{\"@type\":\"ListItem\",\"position\":1,\"name\":\"Startseite\",\"item\":\"https:\\\/\\\/www.cadbas.de\\\/\"},{\"@type\":\"ListItem\",\"position\":2,\"name\":\"Prozessplanung und Implementierungskonzeptionen\"}]},{\"@type\":\"WebSite\",\"@id\":\"https:\\\/\\\/www.cadbas.de\\\/#website\",\"url\":\"https:\\\/\\\/www.cadbas.de\\\/\",\"name\":\"CADBAS GmbH\",\"description\":\"CADBAS GmbH\",\"publisher\":{\"@id\":\"https:\\\/\\\/www.cadbas.de\\\/#organization\"},\"potentialAction\":[{\"@type\":\"SearchAction\",\"target\":{\"@type\":\"EntryPoint\",\"urlTemplate\":\"https:\\\/\\\/www.cadbas.de\\\/?s={search_term_string}\"},\"query-input\":{\"@type\":\"PropertyValueSpecification\",\"valueRequired\":true,\"valueName\":\"search_term_string\"}}],\"inLanguage\":\"en-US\"},{\"@type\":\"Organization\",\"@id\":\"https:\\\/\\\/www.cadbas.de\\\/#organization\",\"name\":\"CADBAS GmbH\",\"url\":\"https:\\\/\\\/www.cadbas.de\\\/\",\"logo\":{\"@type\":\"ImageObject\",\"inLanguage\":\"en-US\",\"@id\":\"https:\\\/\\\/www.cadbas.de\\\/#\\\/schema\\\/logo\\\/image\\\/\",\"url\":\"https:\\\/\\\/www.cadbas.de\\\/wp-content\\\/uploads\\\/2019\\\/09\\\/C16_20160602.png\",\"contentUrl\":\"https:\\\/\\\/www.cadbas.de\\\/wp-content\\\/uploads\\\/2019\\\/09\\\/C16_20160602.png\",\"width\":2284,\"height\":629,\"caption\":\"CADBAS GmbH\"},\"image\":{\"@id\":\"https:\\\/\\\/www.cadbas.de\\\/#\\\/schema\\\/logo\\\/image\\\/\"}}]}<\/script>\n<!-- \/ Yoast SEO plugin. -->","yoast_head_json":{"title":"Process planning and implementation concepts - CADBAS GmbH","robots":{"index":"index","follow":"follow","max-snippet":"max-snippet:-1","max-image-preview":"max-image-preview:large","max-video-preview":"max-video-preview:-1"},"canonical":"https:\/\/www.cadbas.de\/prozessplanung-und-implementierungskonzeptionen\/","og_locale":"en_US","og_type":"article","og_title":"Process planning and implementation concepts - CADBAS GmbH","og_url":"https:\/\/www.cadbas.de\/prozessplanung-und-implementierungskonzeptionen\/","og_site_name":"CADBAS GmbH","article_modified_time":"2020-10-27T11:50:17+00:00","og_image":[{"width":1440,"height":420,"url":"https:\/\/www.cadbas.de\/wp-content\/uploads\/2019\/09\/ci_organisation-e1569433771968.jpg","type":"image\/jpeg"}],"twitter_card":"summary_large_image","twitter_misc":{"Est. reading time":"3 minutes"},"schema":{"@context":"https:\/\/schema.org","@graph":[{"@type":"WebPage","@id":"https:\/\/www.cadbas.de\/prozessplanung-und-implementierungskonzeptionen\/","url":"https:\/\/www.cadbas.de\/prozessplanung-und-implementierungskonzeptionen\/","name":"Process planning and implementation concepts - CADBAS GmbH","isPartOf":{"@id":"https:\/\/www.cadbas.de\/#website"},"primaryImageOfPage":{"@id":"https:\/\/www.cadbas.de\/prozessplanung-und-implementierungskonzeptionen\/#primaryimage"},"image":{"@id":"https:\/\/www.cadbas.de\/prozessplanung-und-implementierungskonzeptionen\/#primaryimage"},"thumbnailUrl":"https:\/\/www.cadbas.de\/wp-content\/uploads\/2019\/09\/ci_organisation-e1569433771968.jpg","datePublished":"2019-09-25T06:45:21+00:00","dateModified":"2020-10-27T11:50:17+00:00","breadcrumb":{"@id":"https:\/\/www.cadbas.de\/prozessplanung-und-implementierungskonzeptionen\/#breadcrumb"},"inLanguage":"en-US","potentialAction":[{"@type":"ReadAction","target":["https:\/\/www.cadbas.de\/prozessplanung-und-implementierungskonzeptionen\/"]}]},{"@type":"ImageObject","inLanguage":"en-US","@id":"https:\/\/www.cadbas.de\/prozessplanung-und-implementierungskonzeptionen\/#primaryimage","url":"https:\/\/www.cadbas.de\/wp-content\/uploads\/2019\/09\/ci_organisation-e1569433771968.jpg","contentUrl":"https:\/\/www.cadbas.de\/wp-content\/uploads\/2019\/09\/ci_organisation-e1569433771968.jpg","width":1440,"height":420},{"@type":"BreadcrumbList","@id":"https:\/\/www.cadbas.de\/prozessplanung-und-implementierungskonzeptionen\/#breadcrumb","itemListElement":[{"@type":"ListItem","position":1,"name":"Startseite","item":"https:\/\/www.cadbas.de\/"},{"@type":"ListItem","position":2,"name":"Prozessplanung und Implementierungskonzeptionen"}]},{"@type":"WebSite","@id":"https:\/\/www.cadbas.de\/#website","url":"https:\/\/www.cadbas.de\/","name":"CADBAS GmbH","description":"CADBAS GmbH","publisher":{"@id":"https:\/\/www.cadbas.de\/#organization"},"potentialAction":[{"@type":"SearchAction","target":{"@type":"EntryPoint","urlTemplate":"https:\/\/www.cadbas.de\/?s={search_term_string}"},"query-input":{"@type":"PropertyValueSpecification","valueRequired":true,"valueName":"search_term_string"}}],"inLanguage":"en-US"},{"@type":"Organization","@id":"https:\/\/www.cadbas.de\/#organization","name":"CADBAS GmbH","url":"https:\/\/www.cadbas.de\/","logo":{"@type":"ImageObject","inLanguage":"en-US","@id":"https:\/\/www.cadbas.de\/#\/schema\/logo\/image\/","url":"https:\/\/www.cadbas.de\/wp-content\/uploads\/2019\/09\/C16_20160602.png","contentUrl":"https:\/\/www.cadbas.de\/wp-content\/uploads\/2019\/09\/C16_20160602.png","width":2284,"height":629,"caption":"CADBAS GmbH"},"image":{"@id":"https:\/\/www.cadbas.de\/#\/schema\/logo\/image\/"}}]}},"_links":{"self":[{"href":"https:\/\/www.cadbas.de\/en\/wp-json\/wp\/v2\/pages\/199","targetHints":{"allow":["GET"]}}],"collection":[{"href":"https:\/\/www.cadbas.de\/en\/wp-json\/wp\/v2\/pages"}],"about":[{"href":"https:\/\/www.cadbas.de\/en\/wp-json\/wp\/v2\/types\/page"}],"author":[{"embeddable":true,"href":"https:\/\/www.cadbas.de\/en\/wp-json\/wp\/v2\/users\/1"}],"replies":[{"embeddable":true,"href":"https:\/\/www.cadbas.de\/en\/wp-json\/wp\/v2\/comments?post=199"}],"version-history":[{"count":0,"href":"https:\/\/www.cadbas.de\/en\/wp-json\/wp\/v2\/pages\/199\/revisions"}],"wp:featuredmedia":[{"embeddable":true,"href":"https:\/\/www.cadbas.de\/en\/wp-json\/wp\/v2\/media\/102"}],"wp:attachment":[{"href":"https:\/\/www.cadbas.de\/en\/wp-json\/wp\/v2\/media?parent=199"}],"curies":[{"name":"wp","href":"https:\/\/api.w.org\/{rel}","templated":true}]}}