{"id":194,"date":"2019-09-25T08:28:45","date_gmt":"2019-09-25T06:28:45","guid":{"rendered":"https:\/\/www.cadbas.de\/?page_id=194"},"modified":"2025-03-31T11:53:37","modified_gmt":"2025-03-31T09:53:37","slug":"partscapeconvention-2025","status":"publish","type":"page","link":"https:\/\/www.cadbas.de\/en\/partscapeconvention-2025\/","title":{"rendered":"Partscape Convention 2025"},"content":{"rendered":"<p style=\"text-align: justify;\"><span style=\"color: #0000ff;\">German version only<\/span><\/p>\n<p style=\"text-align: justify;\">Am <strong>10. und 11. September<\/strong> ist es endlich wieder soweit. Wir laden Sie herzlich zur diesj\u00e4hrigen PartscapeConvetion ein. <\/p>\n<p>Freuen Sie sich auf eine au\u00dfergew\u00f6hnliche Location inmitten einer Bibliothek auf dem Gel\u00e4nde des UNESCO Weltkulturerbes &#8220;Zeche Zollverein&#8221;. <\/p>\n<p>Seien Sie dabei und&#8230;<\/p>\n<p style=\"text-align: justify;\">\n&#8230;tauschen Sie sich mit Experten aus<br \/>\n&#8230;treffen Sie Koryph\u00e4en des Teilemanagements<br \/>\n&#8230;erarbeiten Sie kreative L\u00f6sungen im kleinen Kreis<br \/>\n&#8230;nutzen Sie diese Konzeptionen im Anschluss f\u00fcr Ihre Projekte<br \/>\n&#8230;teilen Sie Best Practices und erweitern Sie Ihr Wissen<br \/>\n&#8230;bauen Sie sich ein unbezahlbares Erfahrungsnetzwerk auf<\/p>\n<p>Freuen Sie sich unter anderem auf folgende Themenschwerpunkte:<\/p>\n<ul>\n<li>Data2Value: Aus Daten Profit generieren <\/li>\n<li>Master Data Management (MDM): Tools und Prozesse f\u00fcr eine hohe Datenqualit\u00e4t<\/li>\n<li>Digitaler Produktpass &#038; Compliance: Datenmodelle zur sofortigen Anwendung<\/li>\n<li>ECLASS: Durch Standards erfolgreich arbeiten<\/li>\n<li>SAP-Integration: Kostenlose Schnittstelle f\u00fcr Datenmodelle und Daten<\/li>\n<\/ul>\n<p>Wir freuen uns auf Sie!<\/p>\n<p><strong>Be a part of the Partscape Community.<\/strong><\/p>\n","protected":false},"excerpt":{"rendered":"<p>German version only Am 10. und 11. September ist es endlich wieder soweit. Wir laden Sie herzlich zur diesj\u00e4hrigen PartscapeConvetion ein. Freuen Sie sich auf eine au\u00dfergew\u00f6hnliche Location inmitten einer Bibliothek auf dem Gel\u00e4nde des UNESCO Weltkulturerbes &#8220;Zeche Zollverein&#8221;. Seien<\/p>\n","protected":false},"author":1,"featured_media":89,"parent":0,"menu_order":0,"comment_status":"closed","ping_status":"closed","template":"","meta":{"footnotes":""},"class_list":["post-194","page","type-page","status-publish","has-post-thumbnail","hentry"],"translation":{"provider":"WPGlobus","version":"3.0.2","language":"en","enabled_languages":["de","en"],"languages":{"de":{"title":true,"content":true,"excerpt":false},"en":{"title":true,"content":true,"excerpt":false}}},"yoast_head":"<!-- This site is optimized with the Yoast SEO plugin v27.3 - https:\/\/yoast.com\/product\/yoast-seo-wordpress\/ -->\n<title>Partscape Convention 2025 - CADBAS GmbH<\/title>\n<meta name=\"robots\" content=\"index, follow, max-snippet:-1, max-image-preview:large, max-video-preview:-1\" \/>\n<link rel=\"canonical\" href=\"https:\/\/www.cadbas.de\/partscapeconvention-2025\/\" \/>\n<meta property=\"og:locale\" content=\"en_US\" \/>\n<meta property=\"og:type\" content=\"article\" \/>\n<meta property=\"og:title\" content=\"Partscape Convention 2025 - CADBAS GmbH\" \/>\n<meta property=\"og:url\" content=\"https:\/\/www.cadbas.de\/partscapeconvention-2025\/\" \/>\n<meta property=\"og:site_name\" content=\"CADBAS GmbH\" \/>\n<meta property=\"article:modified_time\" content=\"2025-03-31T09:53:37+00:00\" \/>\n<meta property=\"og:image\" content=\"https:\/\/www.cadbas.de\/wp-content\/uploads\/2019\/09\/ci16_partscapeconvention201.png\" \/>\n\t<meta property=\"og:image:width\" content=\"1440\" \/>\n\t<meta property=\"og:image:height\" content=\"420\" \/>\n\t<meta property=\"og:image:type\" content=\"image\/png\" \/>\n<meta name=\"twitter:card\" content=\"summary_large_image\" \/>\n<meta name=\"twitter:label1\" content=\"Est. reading time\" \/>\n\t<meta name=\"twitter:data1\" content=\"1 minute\" \/>\n<script type=\"application\/ld+json\" class=\"yoast-schema-graph\">{\"@context\":\"https:\\\/\\\/schema.org\",\"@graph\":[{\"@type\":\"WebPage\",\"@id\":\"https:\\\/\\\/www.cadbas.de\\\/partscapeconvention-2025\\\/\",\"url\":\"https:\\\/\\\/www.cadbas.de\\\/partscapeconvention-2025\\\/\",\"name\":\"Partscape Convention 2025 - CADBAS GmbH\",\"isPartOf\":{\"@id\":\"https:\\\/\\\/www.cadbas.de\\\/#website\"},\"primaryImageOfPage\":{\"@id\":\"https:\\\/\\\/www.cadbas.de\\\/partscapeconvention-2025\\\/#primaryimage\"},\"image\":{\"@id\":\"https:\\\/\\\/www.cadbas.de\\\/partscapeconvention-2025\\\/#primaryimage\"},\"thumbnailUrl\":\"https:\\\/\\\/www.cadbas.de\\\/wp-content\\\/uploads\\\/2019\\\/09\\\/ci16_partscapeconvention201.png\",\"datePublished\":\"2019-09-25T06:28:45+00:00\",\"dateModified\":\"2025-03-31T09:53:37+00:00\",\"breadcrumb\":{\"@id\":\"https:\\\/\\\/www.cadbas.de\\\/partscapeconvention-2025\\\/#breadcrumb\"},\"inLanguage\":\"en-US\",\"potentialAction\":[{\"@type\":\"ReadAction\",\"target\":[\"https:\\\/\\\/www.cadbas.de\\\/partscapeconvention-2025\\\/\"]}]},{\"@type\":\"ImageObject\",\"inLanguage\":\"en-US\",\"@id\":\"https:\\\/\\\/www.cadbas.de\\\/partscapeconvention-2025\\\/#primaryimage\",\"url\":\"https:\\\/\\\/www.cadbas.de\\\/wp-content\\\/uploads\\\/2019\\\/09\\\/ci16_partscapeconvention201.png\",\"contentUrl\":\"https:\\\/\\\/www.cadbas.de\\\/wp-content\\\/uploads\\\/2019\\\/09\\\/ci16_partscapeconvention201.png\",\"width\":1440,\"height\":420},{\"@type\":\"BreadcrumbList\",\"@id\":\"https:\\\/\\\/www.cadbas.de\\\/partscapeconvention-2025\\\/#breadcrumb\",\"itemListElement\":[{\"@type\":\"ListItem\",\"position\":1,\"name\":\"Startseite\",\"item\":\"https:\\\/\\\/www.cadbas.de\\\/\"},{\"@type\":\"ListItem\",\"position\":2,\"name\":\"Partscape Convention 2025\"}]},{\"@type\":\"WebSite\",\"@id\":\"https:\\\/\\\/www.cadbas.de\\\/#website\",\"url\":\"https:\\\/\\\/www.cadbas.de\\\/\",\"name\":\"CADBAS GmbH\",\"description\":\"CADBAS GmbH\",\"publisher\":{\"@id\":\"https:\\\/\\\/www.cadbas.de\\\/#organization\"},\"potentialAction\":[{\"@type\":\"SearchAction\",\"target\":{\"@type\":\"EntryPoint\",\"urlTemplate\":\"https:\\\/\\\/www.cadbas.de\\\/?s={search_term_string}\"},\"query-input\":{\"@type\":\"PropertyValueSpecification\",\"valueRequired\":true,\"valueName\":\"search_term_string\"}}],\"inLanguage\":\"en-US\"},{\"@type\":\"Organization\",\"@id\":\"https:\\\/\\\/www.cadbas.de\\\/#organization\",\"name\":\"CADBAS GmbH\",\"url\":\"https:\\\/\\\/www.cadbas.de\\\/\",\"logo\":{\"@type\":\"ImageObject\",\"inLanguage\":\"en-US\",\"@id\":\"https:\\\/\\\/www.cadbas.de\\\/#\\\/schema\\\/logo\\\/image\\\/\",\"url\":\"https:\\\/\\\/www.cadbas.de\\\/wp-content\\\/uploads\\\/2019\\\/09\\\/C16_20160602.png\",\"contentUrl\":\"https:\\\/\\\/www.cadbas.de\\\/wp-content\\\/uploads\\\/2019\\\/09\\\/C16_20160602.png\",\"width\":2284,\"height\":629,\"caption\":\"CADBAS GmbH\"},\"image\":{\"@id\":\"https:\\\/\\\/www.cadbas.de\\\/#\\\/schema\\\/logo\\\/image\\\/\"}}]}<\/script>\n<!-- \/ Yoast SEO plugin. -->","yoast_head_json":{"title":"Partscape Convention 2025 - CADBAS GmbH","robots":{"index":"index","follow":"follow","max-snippet":"max-snippet:-1","max-image-preview":"max-image-preview:large","max-video-preview":"max-video-preview:-1"},"canonical":"https:\/\/www.cadbas.de\/partscapeconvention-2025\/","og_locale":"en_US","og_type":"article","og_title":"Partscape Convention 2025 - CADBAS GmbH","og_url":"https:\/\/www.cadbas.de\/partscapeconvention-2025\/","og_site_name":"CADBAS GmbH","article_modified_time":"2025-03-31T09:53:37+00:00","og_image":[{"width":1440,"height":420,"url":"https:\/\/www.cadbas.de\/wp-content\/uploads\/2019\/09\/ci16_partscapeconvention201.png","type":"image\/png"}],"twitter_card":"summary_large_image","twitter_misc":{"Est. reading time":"1 minute"},"schema":{"@context":"https:\/\/schema.org","@graph":[{"@type":"WebPage","@id":"https:\/\/www.cadbas.de\/partscapeconvention-2025\/","url":"https:\/\/www.cadbas.de\/partscapeconvention-2025\/","name":"Partscape Convention 2025 - CADBAS GmbH","isPartOf":{"@id":"https:\/\/www.cadbas.de\/#website"},"primaryImageOfPage":{"@id":"https:\/\/www.cadbas.de\/partscapeconvention-2025\/#primaryimage"},"image":{"@id":"https:\/\/www.cadbas.de\/partscapeconvention-2025\/#primaryimage"},"thumbnailUrl":"https:\/\/www.cadbas.de\/wp-content\/uploads\/2019\/09\/ci16_partscapeconvention201.png","datePublished":"2019-09-25T06:28:45+00:00","dateModified":"2025-03-31T09:53:37+00:00","breadcrumb":{"@id":"https:\/\/www.cadbas.de\/partscapeconvention-2025\/#breadcrumb"},"inLanguage":"en-US","potentialAction":[{"@type":"ReadAction","target":["https:\/\/www.cadbas.de\/partscapeconvention-2025\/"]}]},{"@type":"ImageObject","inLanguage":"en-US","@id":"https:\/\/www.cadbas.de\/partscapeconvention-2025\/#primaryimage","url":"https:\/\/www.cadbas.de\/wp-content\/uploads\/2019\/09\/ci16_partscapeconvention201.png","contentUrl":"https:\/\/www.cadbas.de\/wp-content\/uploads\/2019\/09\/ci16_partscapeconvention201.png","width":1440,"height":420},{"@type":"BreadcrumbList","@id":"https:\/\/www.cadbas.de\/partscapeconvention-2025\/#breadcrumb","itemListElement":[{"@type":"ListItem","position":1,"name":"Startseite","item":"https:\/\/www.cadbas.de\/"},{"@type":"ListItem","position":2,"name":"Partscape Convention 2025"}]},{"@type":"WebSite","@id":"https:\/\/www.cadbas.de\/#website","url":"https:\/\/www.cadbas.de\/","name":"CADBAS GmbH","description":"CADBAS GmbH","publisher":{"@id":"https:\/\/www.cadbas.de\/#organization"},"potentialAction":[{"@type":"SearchAction","target":{"@type":"EntryPoint","urlTemplate":"https:\/\/www.cadbas.de\/?s={search_term_string}"},"query-input":{"@type":"PropertyValueSpecification","valueRequired":true,"valueName":"search_term_string"}}],"inLanguage":"en-US"},{"@type":"Organization","@id":"https:\/\/www.cadbas.de\/#organization","name":"CADBAS GmbH","url":"https:\/\/www.cadbas.de\/","logo":{"@type":"ImageObject","inLanguage":"en-US","@id":"https:\/\/www.cadbas.de\/#\/schema\/logo\/image\/","url":"https:\/\/www.cadbas.de\/wp-content\/uploads\/2019\/09\/C16_20160602.png","contentUrl":"https:\/\/www.cadbas.de\/wp-content\/uploads\/2019\/09\/C16_20160602.png","width":2284,"height":629,"caption":"CADBAS GmbH"},"image":{"@id":"https:\/\/www.cadbas.de\/#\/schema\/logo\/image\/"}}]}},"_links":{"self":[{"href":"https:\/\/www.cadbas.de\/en\/wp-json\/wp\/v2\/pages\/194","targetHints":{"allow":["GET"]}}],"collection":[{"href":"https:\/\/www.cadbas.de\/en\/wp-json\/wp\/v2\/pages"}],"about":[{"href":"https:\/\/www.cadbas.de\/en\/wp-json\/wp\/v2\/types\/page"}],"author":[{"embeddable":true,"href":"https:\/\/www.cadbas.de\/en\/wp-json\/wp\/v2\/users\/1"}],"replies":[{"embeddable":true,"href":"https:\/\/www.cadbas.de\/en\/wp-json\/wp\/v2\/comments?post=194"}],"version-history":[{"count":0,"href":"https:\/\/www.cadbas.de\/en\/wp-json\/wp\/v2\/pages\/194\/revisions"}],"wp:featuredmedia":[{"embeddable":true,"href":"https:\/\/www.cadbas.de\/en\/wp-json\/wp\/v2\/media\/89"}],"wp:attachment":[{"href":"https:\/\/www.cadbas.de\/en\/wp-json\/wp\/v2\/media?parent=194"}],"curies":[{"name":"wp","href":"https:\/\/api.w.org\/{rel}","templated":true}]}}