{"id":176,"date":"2019-09-25T08:13:17","date_gmt":"2019-09-25T06:13:17","guid":{"rendered":"https:\/\/www.cadbas.de\/?page_id=176"},"modified":"2025-12-29T08:55:02","modified_gmt":"2025-12-29T07:55:02","slug":"methoden-loesungen","status":"publish","type":"page","link":"https:\/\/www.cadbas.de\/en\/methoden-loesungen\/","title":{"rendered":"Methods &#038; Solutions"},"content":{"rendered":"<p style=\"text-align: justify;\">Your company and the combination of your project goals and requirements are unique. Therefore you set the direction. With our sophisticated, scientific and field-tested methodology, the solution components can be combined to create your individual solution. And this at a price of a standard product.<\/p>\n<p style=\"text-align: justify;\">You will gain planning reliability by a concept of goals and measures that is worked out together with you. This not only saves time and money during the project, but also enables you to realize the benefits in your daily business faster.<\/p>\n<p style=\"text-align: justify;\">Take the unexpected road with combined and coordinated solution components that guarantee to get you to your desination faster:<\/p>\n<p>&nbsp;<\/p>\n<div class=\"cdb-info-block\">\n<div class=\"cdb-info-block-item\"><img loading=\"lazy\" decoding=\"async\" class=\"alignnone size-full wp-image-253\" src=\"https:\/\/www.cadbas.de\/wp-content\/uploads\/2019\/09\/ci16_teilevielfaltstrategie.png\" alt=\"\" width=\"110\" height=\"90\" \/><\/div>\n<div class=\"cdb-info-block-item\">\n<h3>Part Management Strategy<\/h3>\n<p>With the part management strategy, you have the total optimum for your company in mind, right from the beginning. According to our motto &#8220;First the strategy, then the tool&#8221; the part management strategy forms the basis for your efficient project implementation.<\/p>\n<\/div>\n<div class=\"cdb-info-block-item\"><a href=\"https:\/\/www.cadbas.de\/en\/index.php\/teilemanagement-strategie\/\">Continue<\/a><\/div>\n<div><\/div>\n<\/div>\n<div class=\"cdb-info-block\">\n<div class=\"cdb-info-block-item\"><img loading=\"lazy\" decoding=\"async\" class=\"alignnone size-full wp-image-253\" src=\"https:\/\/www.cadbas.de\/wp-content\/uploads\/2019\/09\/ci16_organisations110x90.png\" alt=\"\" width=\"110\" height=\"90\" \/><\/div>\n<div class=\"cdb-info-block-item\">\n<h3>Process planning and implementation concepts<\/h3>\n<p>Part management projects require to reconsider and, if necessary, to redesign existing workflows &#8211; or processes. Only this way your project goals can be achieved. Our \u201dprocess maps\u201c are therefore the centerpiece of every part management project. They visualize the workflows, use cases, functions, system interfaces and information flows individually planned with you in a simple and comprehensible way.<\/p>\n<\/div>\n<div class=\"cdb-info-block-item\"><a href=\"https:\/\/www.cadbas.de\/en\/index.php\/prozessplanung-und-implementierungskonzeptionen\/\">Continue<\/a><\/div>\n<div><\/div>\n<\/div>\n<div class=\"cdb-info-block\">\n<div class=\"cdb-info-block-item\"><img loading=\"lazy\" decoding=\"async\" class=\"alignnone size-full wp-image-253\" src=\"https:\/\/www.cadbas.de\/wp-content\/uploads\/2019\/09\/ci16_anlageprozesse110x90.png\" alt=\"\" width=\"110\" height=\"90\" \/><\/div>\n<div class=\"cdb-info-block-item\">\n<h3>Integrated creation and classification processes<\/h3>\n<p>The most effective way for achieving and sustaining high data quality is to fill in and store product features of parts (components, assemblies and products) directly when creating them. PartExplorer with its numerous automatisms nips all arguments in the bud to not directly classify a part when creating it.<\/p>\n<\/div>\n<div class=\"cdb-info-block-item\"><a href=\"https:\/\/www.cadbas.de\/en\/index.php\/integrierte-anlage-und-klassifizierungsprozesse\/\">Continue<\/a><\/div>\n<div><\/div>\n<\/div>\n<div class=\"cdb-info-block\">\n<div class=\"cdb-info-block-item\"><img loading=\"lazy\" decoding=\"async\" class=\"alignnone size-full wp-image-253\" src=\"https:\/\/www.cadbas.de\/wp-content\/uploads\/2019\/09\/ci16_tvbeherrschen110x9.png\" alt=\"\" width=\"110\" height=\"90\" \/><\/div>\n<div class=\"cdb-info-block-item\">\n<h3>Integrated duplicate analysis and approval processes<\/h3>\n<p>Unnecessary and undesirable parts can be avoided most effectively if they are detected long before approval, best when creating a part or during ongoing construction.\u00a0 That\u00b4s what PartExplorer and PartscapeNavigator do for you.<\/p>\n<\/div>\n<div class=\"cdb-info-block-item\"><a href=\"https:\/\/www.cadbas.de\/en\/index.php\/integrierte-dublettenanalyse-und-genehmigungsprozesse\/\">Continue<\/a><\/div>\n<\/div>\n<div class=\"cdb-info-block\">\n<div class=\"cdb-info-block-item\"><img loading=\"lazy\" decoding=\"async\" class=\"alignnone size-full wp-image-253\" src=\"https:\/\/www.cadbas.de\/wp-content\/uploads\/2019\/09\/ci16_datenbereinigen110x90.png\" alt=\"\" width=\"110\" height=\"90\" \/><\/div>\n<div class=\"cdb-info-block-item\">\n<h3>Cleanse data and classify automatically (e.g. according to eCl@ss standard)<\/h3>\n<p>High data quality of part information (master data, classifications, etc.) is the precondition for achieving your targeted potential benefits. PartExplorer delivers the perfect data cleansing tool and automatisms for classification in abundance.<\/p>\n<\/div>\n<div class=\"cdb-info-block-item\"><a href=\"https:\/\/www.cadbas.de\/en\/index.php\/daten-bereinigen-und-automatisch-klassifizieren\/\">Continue<\/a><\/div>\n<\/div>\n<div class=\"cdb-info-block\">\n<div class=\"cdb-info-block-item\"><img loading=\"lazy\" decoding=\"async\" class=\"alignnone size-full wp-image-253\" src=\"https:\/\/www.cadbas.de\/wp-content\/uploads\/2019\/09\/ci16_klassifikation110x90.png\" alt=\"\" width=\"110\" height=\"90\" \/><\/div>\n<div class=\"cdb-info-block-item\">\n<h3>Standardize and consolidate<\/h3>\n<p>Standardizing and consolidating means to make a conscious decisions in favor of preferred parts, preferred features or preferred suppliers. PartExplorer supports this decision with automatisms and controls the process.<\/p>\n<\/div>\n<div class=\"cdb-info-block-item\"><a href=\"https:\/\/www.cadbas.de\/en\/index.php\/standardisieren-und-konsolidieren\/\">Continue<\/a><\/div>\n<\/div>\n<div class=\"cdb-info-block\">\n<div class=\"cdb-info-block-item\"><img loading=\"lazy\" decoding=\"async\" class=\"alignnone size-full wp-image-253\" src=\"https:\/\/www.cadbas.de\/wp-content\/uploads\/2019\/09\/ci16_workflowgesteuerter_datenaufwuchs_90x110.jpg\" alt=\"\" width=\"110\" height=\"90\" \/><\/div>\n<div class=\"cdb-info-block-item\">\n<h3>Workflow driven accumulation of data<\/h3>\n<p>TrotzDespite all automatisms several persons are involved in the process for cleansing data, creating and classifying parts, approving, standardizing and consolidating parts, etc.\u00a0 With the PartExplorer workflow engine, these workflows can be controlled reliably and comprehensibly.<\/p>\n<\/div>\n<div class=\"cdb-info-block-item\"><a href=\"https:\/\/www.cadbas.de\/en\/index.php\/workflowgesteuerter-datenaufwuchs\/\">Continue<\/a><\/div>\n<\/div>\n<div class=\"cdb-info-block\">\n<div class=\"cdb-info-block-item\"><img loading=\"lazy\" decoding=\"async\" class=\"alignnone size-full wp-image-253\" src=\"https:\/\/www.cadbas.de\/wp-content\/uploads\/2019\/09\/ci16_3dsuche_und_teilelandkarten110x90.png\" alt=\"\" width=\"110\" height=\"90\" \/><\/div>\n<div class=\"cdb-info-block-item\">\n<h3>3D-Suche und Teilelandkarten<\/h3>\n<p>Um kurzfristig und ohne gro\u00dfen Aufwand Nutzenpotenziale in Sachen Vermeiden, Reduzieren und Beherrschen von Teile- und Variantenvielfalt zu heben, bieten Ihnen Teilelandkarten und die 3D-Suche einen idealen Einstig. Lernen Sie die Teilelandkarte als eine innovative Visualisierungs- und Suchmethode kennen, welche Ihnen einen einzigartigen \u00dcberblick \u00fcber Ihre Teilelandschaft verschafft.<\/p>\n<\/div>\n<div class=\"cdb-info-block-item\"><a href=\"https:\/\/www.cadbas.de\/en\/index.php\/3d-suche-und-teile-landkarten\/\">Continue<\/a><\/div>\n<\/div>\n<div class=\"cdb-info-block\">\n<div class=\"cdb-info-block-item\"><img loading=\"lazy\" decoding=\"async\" class=\"alignnone wp-image-244 size-full\" src=\"https:\/\/www.cadbas.de\/wp-content\/uploads\/2019\/09\/ci16_partexplorer110x90.png\" alt=\"\" width=\"110\" height=\"90\" \/><\/div>\n<div class=\"cdb-info-block-item\">\n<h3>Klassifikations- und Produktstrukturberatung<\/h3>\n<p>Die Klassifikation ist nach wie vor die unverzichtbare K\u00f6nigsdisziplin f\u00fcr das Teilemanagement. Hier bringen wir unsere langj\u00e4hrige Beratungskompetenz gerne ein.<\/p>\n<\/div>\n<div class=\"cdb-info-block-item\"><a href=\"https:\/\/www.cadbas.de\/en\/index.php\/klassifikations-und-produktstrukturberatung\/\">Continue<\/a><\/div>\n<\/div>\n<div class=\"cdb-info-block\">\n<div class=\"cdb-info-block-item\"><img loading=\"lazy\" decoding=\"async\" class=\"alignnone size-full wp-image-253\" src=\"https:\/\/www.cadbas.de\/wp-content\/uploads\/2019\/09\/ci16_zielpreise_und_zielherstellkosten_kalkulieren90x110.jpg\" alt=\"\" width=\"110\" height=\"90\" \/><\/div>\n<div class=\"cdb-info-block-item\">\n<h3>Zielpreise und Zielherstellkosten kalkulieren<\/h3>\n<p>Das Kalkulieren von Zielpreisen und Zielherstellkosten hat nur eines im Sinn: Geld einsammeln, das quasi auf der Stra\u00dfe liegt. Weisen Sie Ihren Lieferanten nach, welche Teile er Ihnen zu teuer verkauft und verhandeln Sie niedrigere, faire Preise.<\/p>\n<\/div>\n<div class=\"cdb-info-block-item\"><a href=\"https:\/\/www.cadbas.de\/en\/index.php\/zielpreise-und-zielherstellkosten-kalkulieren\/\">Continue<\/a><\/div>\n<\/div>\n<div class=\"cdb-info-block\">\n<div class=\"cdb-info-block-item\"><img loading=\"lazy\" decoding=\"async\" class=\"alignnone size-full wp-image-253\" src=\"https:\/\/www.cadbas.de\/wp-content\/uploads\/2019\/09\/engineeringkataloge_und_ihre_bibliotheken.jpg\" alt=\"\" width=\"110\" height=\"90\" \/><\/div>\n<div class=\"cdb-info-block-item\">\n<h3>Engineeringkataloge &#038; Ihre bibliotheken<\/h3>\n<p>Mit Engineeringkatalogen helfen Sie Ihren Konstrukteuren w\u00e4hrend der Produktentwicklung schneller Entscheidungen zu treffen, um die aus Gesamtsicht des Unternehmens vorteilhaftesten Teile auszuw\u00e4hlen.<\/p>\n<\/div>\n<div class=\"cdb-info-block-item\"><a href=\"https:\/\/www.cadbas.de\/en\/index.php\/engineeringkataloge-und-ihre-bibliotheken\/\">Continue<\/a><\/div>\n<\/div>\n<div class=\"cdb-info-block\">\n<div class=\"cdb-info-block-item\"><img loading=\"lazy\" decoding=\"async\" class=\"alignnone size-full wp-image-253\" src=\"https:\/\/www.cadbas.de\/wp-content\/uploads\/2019\/09\/ci16_kunden-lieferanten-integration110x90.png\" alt=\"\" width=\"110\" height=\"90\" \/><\/div>\n<div class=\"cdb-info-block-item\">\n<h3>Kunden-Lieferanten-Integration<\/h3>\n<p>Kunden-Lieferanten-Integration im Teilemanagement hei\u00dft bedarfsgerechtes Austauschen von strukturierten Produktinformationen zwischen Ihnen, Ihren Kunden und Ihren Lieferanten.<\/p>\n<\/div>\n<div class=\"cdb-info-block-item\"><a href=\"https:\/\/www.cadbas.de\/en\/index.php\/kunden-lieferanten-integration\/\">Continue<\/a><\/div>\n<\/div>\n","protected":false},"excerpt":{"rendered":"<p>Your company and the combination of your project goals and requirements are unique. Therefore you set the direction. With our sophisticated, scientific and field-tested methodology, the solution components can be combined to create your individual solution. And this at a<\/p>\n","protected":false},"author":1,"featured_media":91,"parent":0,"menu_order":0,"comment_status":"closed","ping_status":"closed","template":"","meta":{"footnotes":""},"class_list":["post-176","page","type-page","status-publish","has-post-thumbnail","hentry"],"translation":{"provider":"WPGlobus","version":"3.0.2","language":"en","enabled_languages":["de","en"],"languages":{"de":{"title":true,"content":true,"excerpt":false},"en":{"title":true,"content":true,"excerpt":false}}},"yoast_head":"<!-- This site is optimized with the Yoast SEO plugin v27.3 - https:\/\/yoast.com\/product\/yoast-seo-wordpress\/ -->\n<title>Methods &amp; Solutions - CADBAS GmbH<\/title>\n<meta name=\"robots\" content=\"index, follow, max-snippet:-1, max-image-preview:large, max-video-preview:-1\" \/>\n<link rel=\"canonical\" href=\"https:\/\/www.cadbas.de\/methoden-loesungen\/\" \/>\n<meta property=\"og:locale\" content=\"en_US\" \/>\n<meta property=\"og:type\" content=\"article\" \/>\n<meta property=\"og:title\" content=\"Methods &amp; Solutions - CADBAS GmbH\" \/>\n<meta property=\"og:url\" content=\"https:\/\/www.cadbas.de\/methoden-loesungen\/\" \/>\n<meta property=\"og:site_name\" content=\"CADBAS GmbH\" \/>\n<meta property=\"article:modified_time\" content=\"2025-12-29T07:55:02+00:00\" \/>\n<meta property=\"og:image\" content=\"https:\/\/www.cadbas.de\/wp-content\/uploads\/2019\/09\/ci16_methoden.png\" \/>\n\t<meta property=\"og:image:width\" content=\"1440\" \/>\n\t<meta property=\"og:image:height\" content=\"420\" \/>\n\t<meta property=\"og:image:type\" content=\"image\/png\" \/>\n<meta name=\"twitter:card\" content=\"summary_large_image\" \/>\n<meta name=\"twitter:label1\" content=\"Est. reading time\" \/>\n\t<meta name=\"twitter:data1\" content=\"6 minutes\" \/>\n<script type=\"application\/ld+json\" class=\"yoast-schema-graph\">{\"@context\":\"https:\\\/\\\/schema.org\",\"@graph\":[{\"@type\":\"WebPage\",\"@id\":\"https:\\\/\\\/www.cadbas.de\\\/methoden-loesungen\\\/\",\"url\":\"https:\\\/\\\/www.cadbas.de\\\/methoden-loesungen\\\/\",\"name\":\"Methods & Solutions - CADBAS GmbH\",\"isPartOf\":{\"@id\":\"https:\\\/\\\/www.cadbas.de\\\/#website\"},\"primaryImageOfPage\":{\"@id\":\"https:\\\/\\\/www.cadbas.de\\\/methoden-loesungen\\\/#primaryimage\"},\"image\":{\"@id\":\"https:\\\/\\\/www.cadbas.de\\\/methoden-loesungen\\\/#primaryimage\"},\"thumbnailUrl\":\"https:\\\/\\\/www.cadbas.de\\\/wp-content\\\/uploads\\\/2019\\\/09\\\/ci16_methoden.png\",\"datePublished\":\"2019-09-25T06:13:17+00:00\",\"dateModified\":\"2025-12-29T07:55:02+00:00\",\"breadcrumb\":{\"@id\":\"https:\\\/\\\/www.cadbas.de\\\/methoden-loesungen\\\/#breadcrumb\"},\"inLanguage\":\"en-US\",\"potentialAction\":[{\"@type\":\"ReadAction\",\"target\":[\"https:\\\/\\\/www.cadbas.de\\\/methoden-loesungen\\\/\"]}]},{\"@type\":\"ImageObject\",\"inLanguage\":\"en-US\",\"@id\":\"https:\\\/\\\/www.cadbas.de\\\/methoden-loesungen\\\/#primaryimage\",\"url\":\"https:\\\/\\\/www.cadbas.de\\\/wp-content\\\/uploads\\\/2019\\\/09\\\/ci16_methoden.png\",\"contentUrl\":\"https:\\\/\\\/www.cadbas.de\\\/wp-content\\\/uploads\\\/2019\\\/09\\\/ci16_methoden.png\",\"width\":1440,\"height\":420},{\"@type\":\"BreadcrumbList\",\"@id\":\"https:\\\/\\\/www.cadbas.de\\\/methoden-loesungen\\\/#breadcrumb\",\"itemListElement\":[{\"@type\":\"ListItem\",\"position\":1,\"name\":\"Startseite\",\"item\":\"https:\\\/\\\/www.cadbas.de\\\/\"},{\"@type\":\"ListItem\",\"position\":2,\"name\":\"Methoden &#038; L\u00f6sungen\"}]},{\"@type\":\"WebSite\",\"@id\":\"https:\\\/\\\/www.cadbas.de\\\/#website\",\"url\":\"https:\\\/\\\/www.cadbas.de\\\/\",\"name\":\"CADBAS GmbH\",\"description\":\"CADBAS GmbH\",\"publisher\":{\"@id\":\"https:\\\/\\\/www.cadbas.de\\\/#organization\"},\"potentialAction\":[{\"@type\":\"SearchAction\",\"target\":{\"@type\":\"EntryPoint\",\"urlTemplate\":\"https:\\\/\\\/www.cadbas.de\\\/?s={search_term_string}\"},\"query-input\":{\"@type\":\"PropertyValueSpecification\",\"valueRequired\":true,\"valueName\":\"search_term_string\"}}],\"inLanguage\":\"en-US\"},{\"@type\":\"Organization\",\"@id\":\"https:\\\/\\\/www.cadbas.de\\\/#organization\",\"name\":\"CADBAS GmbH\",\"url\":\"https:\\\/\\\/www.cadbas.de\\\/\",\"logo\":{\"@type\":\"ImageObject\",\"inLanguage\":\"en-US\",\"@id\":\"https:\\\/\\\/www.cadbas.de\\\/#\\\/schema\\\/logo\\\/image\\\/\",\"url\":\"https:\\\/\\\/www.cadbas.de\\\/wp-content\\\/uploads\\\/2019\\\/09\\\/C16_20160602.png\",\"contentUrl\":\"https:\\\/\\\/www.cadbas.de\\\/wp-content\\\/uploads\\\/2019\\\/09\\\/C16_20160602.png\",\"width\":2284,\"height\":629,\"caption\":\"CADBAS GmbH\"},\"image\":{\"@id\":\"https:\\\/\\\/www.cadbas.de\\\/#\\\/schema\\\/logo\\\/image\\\/\"}}]}<\/script>\n<!-- \/ Yoast SEO plugin. -->","yoast_head_json":{"title":"Methods & Solutions - CADBAS GmbH","robots":{"index":"index","follow":"follow","max-snippet":"max-snippet:-1","max-image-preview":"max-image-preview:large","max-video-preview":"max-video-preview:-1"},"canonical":"https:\/\/www.cadbas.de\/methoden-loesungen\/","og_locale":"en_US","og_type":"article","og_title":"Methods & Solutions - CADBAS GmbH","og_url":"https:\/\/www.cadbas.de\/methoden-loesungen\/","og_site_name":"CADBAS GmbH","article_modified_time":"2025-12-29T07:55:02+00:00","og_image":[{"width":1440,"height":420,"url":"https:\/\/www.cadbas.de\/wp-content\/uploads\/2019\/09\/ci16_methoden.png","type":"image\/png"}],"twitter_card":"summary_large_image","twitter_misc":{"Est. reading time":"6 minutes"},"schema":{"@context":"https:\/\/schema.org","@graph":[{"@type":"WebPage","@id":"https:\/\/www.cadbas.de\/methoden-loesungen\/","url":"https:\/\/www.cadbas.de\/methoden-loesungen\/","name":"Methods & Solutions - CADBAS GmbH","isPartOf":{"@id":"https:\/\/www.cadbas.de\/#website"},"primaryImageOfPage":{"@id":"https:\/\/www.cadbas.de\/methoden-loesungen\/#primaryimage"},"image":{"@id":"https:\/\/www.cadbas.de\/methoden-loesungen\/#primaryimage"},"thumbnailUrl":"https:\/\/www.cadbas.de\/wp-content\/uploads\/2019\/09\/ci16_methoden.png","datePublished":"2019-09-25T06:13:17+00:00","dateModified":"2025-12-29T07:55:02+00:00","breadcrumb":{"@id":"https:\/\/www.cadbas.de\/methoden-loesungen\/#breadcrumb"},"inLanguage":"en-US","potentialAction":[{"@type":"ReadAction","target":["https:\/\/www.cadbas.de\/methoden-loesungen\/"]}]},{"@type":"ImageObject","inLanguage":"en-US","@id":"https:\/\/www.cadbas.de\/methoden-loesungen\/#primaryimage","url":"https:\/\/www.cadbas.de\/wp-content\/uploads\/2019\/09\/ci16_methoden.png","contentUrl":"https:\/\/www.cadbas.de\/wp-content\/uploads\/2019\/09\/ci16_methoden.png","width":1440,"height":420},{"@type":"BreadcrumbList","@id":"https:\/\/www.cadbas.de\/methoden-loesungen\/#breadcrumb","itemListElement":[{"@type":"ListItem","position":1,"name":"Startseite","item":"https:\/\/www.cadbas.de\/"},{"@type":"ListItem","position":2,"name":"Methoden &#038; L\u00f6sungen"}]},{"@type":"WebSite","@id":"https:\/\/www.cadbas.de\/#website","url":"https:\/\/www.cadbas.de\/","name":"CADBAS GmbH","description":"CADBAS GmbH","publisher":{"@id":"https:\/\/www.cadbas.de\/#organization"},"potentialAction":[{"@type":"SearchAction","target":{"@type":"EntryPoint","urlTemplate":"https:\/\/www.cadbas.de\/?s={search_term_string}"},"query-input":{"@type":"PropertyValueSpecification","valueRequired":true,"valueName":"search_term_string"}}],"inLanguage":"en-US"},{"@type":"Organization","@id":"https:\/\/www.cadbas.de\/#organization","name":"CADBAS GmbH","url":"https:\/\/www.cadbas.de\/","logo":{"@type":"ImageObject","inLanguage":"en-US","@id":"https:\/\/www.cadbas.de\/#\/schema\/logo\/image\/","url":"https:\/\/www.cadbas.de\/wp-content\/uploads\/2019\/09\/C16_20160602.png","contentUrl":"https:\/\/www.cadbas.de\/wp-content\/uploads\/2019\/09\/C16_20160602.png","width":2284,"height":629,"caption":"CADBAS GmbH"},"image":{"@id":"https:\/\/www.cadbas.de\/#\/schema\/logo\/image\/"}}]}},"_links":{"self":[{"href":"https:\/\/www.cadbas.de\/en\/wp-json\/wp\/v2\/pages\/176","targetHints":{"allow":["GET"]}}],"collection":[{"href":"https:\/\/www.cadbas.de\/en\/wp-json\/wp\/v2\/pages"}],"about":[{"href":"https:\/\/www.cadbas.de\/en\/wp-json\/wp\/v2\/types\/page"}],"author":[{"embeddable":true,"href":"https:\/\/www.cadbas.de\/en\/wp-json\/wp\/v2\/users\/1"}],"replies":[{"embeddable":true,"href":"https:\/\/www.cadbas.de\/en\/wp-json\/wp\/v2\/comments?post=176"}],"version-history":[{"count":2,"href":"https:\/\/www.cadbas.de\/en\/wp-json\/wp\/v2\/pages\/176\/revisions"}],"predecessor-version":[{"id":2759,"href":"https:\/\/www.cadbas.de\/en\/wp-json\/wp\/v2\/pages\/176\/revisions\/2759"}],"wp:featuredmedia":[{"embeddable":true,"href":"https:\/\/www.cadbas.de\/en\/wp-json\/wp\/v2\/media\/91"}],"wp:attachment":[{"href":"https:\/\/www.cadbas.de\/en\/wp-json\/wp\/v2\/media?parent=176"}],"curies":[{"name":"wp","href":"https:\/\/api.w.org\/{rel}","templated":true}]}}