{"id":159,"date":"2019-09-24T15:32:31","date_gmt":"2019-09-24T13:32:31","guid":{"rendered":"https:\/\/www.cadbas.de\/?page_id=159"},"modified":"2025-04-02T11:46:35","modified_gmt":"2025-04-02T09:46:35","slug":"jobs-karriere","status":"publish","type":"page","link":"https:\/\/www.cadbas.de\/en\/jobs-karriere\/","title":{"rendered":"Jobs &#038; Karriere"},"content":{"rendered":"<div class=\"col-sm-12 col-md-9\">\n<div class=\"blurb\">\n<p>Aufgrund der st\u00e4ndig zunehmenden Anzahl von Projekten, Themen und Aufgaben suchen wir nach Verst\u00e4rkung f\u00fcr unsere Belegschaft.<\/p>\n<p style=\"text-align: justify;\">Die CADBAS GmbH bietet Softwaresysteme und Dienstleistungen, die zum Vermeiden, Reduzieren und Beherrschen der Teilevielfalt und Varianz bei renommierten deutschen und internationalen Industriekonzernen sowie mittelst\u00e4ndischen Unternehmen dienen. Hierzu entwickelt und implementiert die CADBAS GmbH an kundenspezifische Anforderungen angepasste Systeme und integriert diese in bestehende ERP-, PLM- und CAD-Verfahrenslandschaften.<\/p>\n<p style=\"text-align: justify;\">Wenn Du dich in einem etablierten und als <a href=\"https:\/\/www.cadbas.de\/files\/pdf\/Zertifikat_Familienfreundliches_Unternehmen_Essener_Buendnis_fuer_Familie_2015-2018.pdf\" target=\"_blank\" rel=\"noopener noreferrer\">familienfreundlich zertifizierten<\/a> Unternehmen, mit einem eingespielten Team weiterentwickeln m\u00f6chtest, freuen wir uns auf deine Bewerbung.<\/p>\n<p style=\"text-align: justify;\">Bitte richte deine pers\u00f6nliche Bewerbung, zusammengefasst in einer pdf-Datei, inklusive eines Anschreibens an Frau Kerstin R\u00f6sch, an: <a href=\"mailto:personal@cadbas.de\">personal@cadbas.de<\/a>.<\/p>\n<p style=\"text-align: justify;\">Anfragen und Bewerbungen von Headhuntern, Jobvermittlern etc. werden bei uns grunds\u00e4tzlich nicht bearbeitet.<br \/>\nFolgende Stellen sind bei uns zurzeit vakant:<\/p>\n<\/div>\n<\/div>\n<p>&nbsp;<\/p>\n<p>&nbsp;<\/p>\n<div class=\"cdb-info-block\">\n<div class=\"cdb-info-block-item\"><img loading=\"lazy\" decoding=\"async\" class=\"alignnone wp-image-615 size-full\" src=\"https:\/\/www.cadbas.de\/wp-content\/uploads\/2019\/09\/ci16_jobs_und_karriere110x90.png\" alt=\"\" width=\"110\" height=\"90\" \/><\/div>\n<div class=\"cdb-info-block-item\">\n<h3>IT-Anwendungsentwickler\/Informatiker Softwareentwicklung (m\/w\/d)<br \/>\n<\/h3>\n<p>Als IT-Anwendungsentwickler und Informatiker im Bereich Softwareentwicklung ist deine Aufgabe die Gestaltung und Programmierung unserer Applikationen. Diese bilden die Grundlage f\u00fcr das projektspezifische Customizing.<\/p>\n<\/div>\n<div class=\"cdb-info-block-item\"><a href=\"https:\/\/www.cadbas.de\/index.php\/anwendungsentwickler-informatiker-softwareentwicklung\/\">Weiter<\/a><\/div>\n<\/div>\n<div class=\"cdb-info-block\">\n<div class=\"cdb-info-block-item\"><img loading=\"lazy\" decoding=\"async\" class=\"alignnone wp-image-615 size-full\" src=\"https:\/\/www.cadbas.de\/wp-content\/uploads\/2019\/09\/ci16_jobs_und_karriere110x90.png\" alt=\"\" width=\"110\" height=\"90\" \/><\/div>\n<div class=\"cdb-info-block-item\">\n<h3>Spezialist Software Customizing (m\/w\/d)<br \/>\n<\/h3>\n<p>Als Spezialist Software Customizing (m\/w\/d) ist deine Aufgabe in erster Linie die Konfiguration und Anpassung unserer L\u00f6sungen an die firmenspezifischen Anforderungen unserer Kunden.<\/p>\n<\/div>\n<div class=\"cdb-info-block-item\"><a href=\"https:\/\/www.cadbas.de\/index.php\/spezialist-software-customizing\/\">Weiter<\/a><\/div>\n<\/div>\n<div class=\"cdb-info-block\">\n<div class=\"cdb-info-block-item\"><img loading=\"lazy\" decoding=\"async\" class=\"alignnone wp-image-615 size-full\" src=\"https:\/\/www.cadbas.de\/wp-content\/uploads\/2019\/09\/ci16_jobs_und_karriere110x90.png\" alt=\"\" width=\"110\" height=\"90\" \/><\/div>\n<div class=\"cdb-info-block-item\">\n<h3>Spezialist Master Data Management (m\/w\/d)<\/h3>\n<p>Zur Verst\u00e4rkung unseres Content Teams suchen wir kreative K\u00f6pfe, die Spa\u00df am Thema Teilemanagement haben und unseren Kunden zu mehr Effizienz verhelfen m\u00f6chten.<\/p>\n<\/div>\n<div class=\"cdb-info-block-item\"><a href=\"https:\/\/www.cadbas.de\/index.php\/spezialist-mdm\/\">Weiter<\/a><\/div>\n<\/div>\n<div class=\"cdb-info-block\">\n<div class=\"cdb-info-block-item\"><img loading=\"lazy\" decoding=\"async\" class=\"alignnone wp-image-615 size-full\" src=\"https:\/\/www.cadbas.de\/wp-content\/uploads\/2019\/09\/ci16_jobs_und_karriere110x90.png\" alt=\"\" width=\"110\" height=\"90\" \/><\/div>\n<div class=\"cdb-info-block-item\">\n<h3>Praktikanten, Werkstudenten (m\/w\/d)<br \/>\nBetreuung von Bachelor- und Masterthesen<\/h3>\n<p>Wir sind immer wieder auf der Suche nach Praktikanten, Werkstudenten und angehenden Absolventen und arbeiten gerne mit den betreuenden Lehrst\u00fchlen und Ausbildungsst\u00e4tten zusammen.<\/p>\n<\/div>\n<div class=\"cdb-info-block-item\"><a href=\"https:\/\/www.cadbas.de\/index.php\/praktianten-werkstudenten\/\">Weiter<\/a><\/div>\n<\/div>\n","protected":false},"excerpt":{"rendered":"<p>Aufgrund der st\u00e4ndig zunehmenden Anzahl von Projekten, Themen und Aufgaben suchen wir nach Verst\u00e4rkung f\u00fcr unsere Belegschaft. Die CADBAS GmbH bietet Softwaresysteme und Dienstleistungen, die zum Vermeiden, Reduzieren und Beherrschen der Teilevielfalt und Varianz bei renommierten deutschen und internationalen Industriekonzernen<\/p>\n","protected":false},"author":1,"featured_media":119,"parent":0,"menu_order":0,"comment_status":"closed","ping_status":"closed","template":"","meta":{"footnotes":""},"class_list":["post-159","page","type-page","status-publish","has-post-thumbnail","hentry"],"translation":{"provider":"WPGlobus","version":"3.0.2","language":"en","enabled_languages":["de","en"],"languages":{"de":{"title":true,"content":true,"excerpt":false},"en":{"title":false,"content":false,"excerpt":false}}},"yoast_head":"<!-- This site is optimized with the Yoast SEO plugin v27.3 - https:\/\/yoast.com\/product\/yoast-seo-wordpress\/ -->\n<title>Jobs &amp; Karriere - CADBAS GmbH<\/title>\n<meta name=\"robots\" content=\"index, follow, max-snippet:-1, max-image-preview:large, max-video-preview:-1\" \/>\n<link rel=\"canonical\" href=\"https:\/\/www.cadbas.de\/jobs-karriere\/\" \/>\n<meta property=\"og:locale\" content=\"en_US\" \/>\n<meta property=\"og:type\" content=\"article\" \/>\n<meta property=\"og:title\" content=\"Jobs &amp; Karriere - CADBAS GmbH\" \/>\n<meta property=\"og:url\" content=\"https:\/\/www.cadbas.de\/jobs-karriere\/\" \/>\n<meta property=\"og:site_name\" content=\"CADBAS GmbH\" \/>\n<meta property=\"article:modified_time\" content=\"2025-04-02T09:46:35+00:00\" \/>\n<meta property=\"og:image\" content=\"https:\/\/www.cadbas.de\/wp-content\/uploads\/2019\/09\/ci16_jobsundkarriere-1.jpg\" \/>\n\t<meta property=\"og:image:width\" content=\"1440\" \/>\n\t<meta property=\"og:image:height\" content=\"420\" \/>\n\t<meta property=\"og:image:type\" content=\"image\/jpeg\" \/>\n<meta name=\"twitter:card\" content=\"summary_large_image\" \/>\n<meta name=\"twitter:label1\" content=\"Est. reading time\" \/>\n\t<meta name=\"twitter:data1\" content=\"3 minutes\" \/>\n<script type=\"application\/ld+json\" class=\"yoast-schema-graph\">{\"@context\":\"https:\\\/\\\/schema.org\",\"@graph\":[{\"@type\":\"WebPage\",\"@id\":\"https:\\\/\\\/www.cadbas.de\\\/jobs-karriere\\\/\",\"url\":\"https:\\\/\\\/www.cadbas.de\\\/jobs-karriere\\\/\",\"name\":\"Jobs & Karriere - CADBAS GmbH\",\"isPartOf\":{\"@id\":\"https:\\\/\\\/www.cadbas.de\\\/#website\"},\"primaryImageOfPage\":{\"@id\":\"https:\\\/\\\/www.cadbas.de\\\/jobs-karriere\\\/#primaryimage\"},\"image\":{\"@id\":\"https:\\\/\\\/www.cadbas.de\\\/jobs-karriere\\\/#primaryimage\"},\"thumbnailUrl\":\"https:\\\/\\\/www.cadbas.de\\\/wp-content\\\/uploads\\\/2019\\\/09\\\/ci16_jobsundkarriere-1.jpg\",\"datePublished\":\"2019-09-24T13:32:31+00:00\",\"dateModified\":\"2025-04-02T09:46:35+00:00\",\"breadcrumb\":{\"@id\":\"https:\\\/\\\/www.cadbas.de\\\/jobs-karriere\\\/#breadcrumb\"},\"inLanguage\":\"en-US\",\"potentialAction\":[{\"@type\":\"ReadAction\",\"target\":[\"https:\\\/\\\/www.cadbas.de\\\/jobs-karriere\\\/\"]}]},{\"@type\":\"ImageObject\",\"inLanguage\":\"en-US\",\"@id\":\"https:\\\/\\\/www.cadbas.de\\\/jobs-karriere\\\/#primaryimage\",\"url\":\"https:\\\/\\\/www.cadbas.de\\\/wp-content\\\/uploads\\\/2019\\\/09\\\/ci16_jobsundkarriere-1.jpg\",\"contentUrl\":\"https:\\\/\\\/www.cadbas.de\\\/wp-content\\\/uploads\\\/2019\\\/09\\\/ci16_jobsundkarriere-1.jpg\",\"width\":1440,\"height\":420},{\"@type\":\"BreadcrumbList\",\"@id\":\"https:\\\/\\\/www.cadbas.de\\\/jobs-karriere\\\/#breadcrumb\",\"itemListElement\":[{\"@type\":\"ListItem\",\"position\":1,\"name\":\"Startseite\",\"item\":\"https:\\\/\\\/www.cadbas.de\\\/\"},{\"@type\":\"ListItem\",\"position\":2,\"name\":\"Jobs &#038; Karriere\"}]},{\"@type\":\"WebSite\",\"@id\":\"https:\\\/\\\/www.cadbas.de\\\/#website\",\"url\":\"https:\\\/\\\/www.cadbas.de\\\/\",\"name\":\"CADBAS GmbH\",\"description\":\"CADBAS GmbH\",\"publisher\":{\"@id\":\"https:\\\/\\\/www.cadbas.de\\\/#organization\"},\"potentialAction\":[{\"@type\":\"SearchAction\",\"target\":{\"@type\":\"EntryPoint\",\"urlTemplate\":\"https:\\\/\\\/www.cadbas.de\\\/?s={search_term_string}\"},\"query-input\":{\"@type\":\"PropertyValueSpecification\",\"valueRequired\":true,\"valueName\":\"search_term_string\"}}],\"inLanguage\":\"en-US\"},{\"@type\":\"Organization\",\"@id\":\"https:\\\/\\\/www.cadbas.de\\\/#organization\",\"name\":\"CADBAS GmbH\",\"url\":\"https:\\\/\\\/www.cadbas.de\\\/\",\"logo\":{\"@type\":\"ImageObject\",\"inLanguage\":\"en-US\",\"@id\":\"https:\\\/\\\/www.cadbas.de\\\/#\\\/schema\\\/logo\\\/image\\\/\",\"url\":\"https:\\\/\\\/www.cadbas.de\\\/wp-content\\\/uploads\\\/2019\\\/09\\\/C16_20160602.png\",\"contentUrl\":\"https:\\\/\\\/www.cadbas.de\\\/wp-content\\\/uploads\\\/2019\\\/09\\\/C16_20160602.png\",\"width\":2284,\"height\":629,\"caption\":\"CADBAS GmbH\"},\"image\":{\"@id\":\"https:\\\/\\\/www.cadbas.de\\\/#\\\/schema\\\/logo\\\/image\\\/\"}}]}<\/script>\n<!-- \/ Yoast SEO plugin. -->","yoast_head_json":{"title":"Jobs & Karriere - CADBAS GmbH","robots":{"index":"index","follow":"follow","max-snippet":"max-snippet:-1","max-image-preview":"max-image-preview:large","max-video-preview":"max-video-preview:-1"},"canonical":"https:\/\/www.cadbas.de\/jobs-karriere\/","og_locale":"en_US","og_type":"article","og_title":"Jobs & Karriere - CADBAS GmbH","og_url":"https:\/\/www.cadbas.de\/jobs-karriere\/","og_site_name":"CADBAS GmbH","article_modified_time":"2025-04-02T09:46:35+00:00","og_image":[{"width":1440,"height":420,"url":"https:\/\/www.cadbas.de\/wp-content\/uploads\/2019\/09\/ci16_jobsundkarriere-1.jpg","type":"image\/jpeg"}],"twitter_card":"summary_large_image","twitter_misc":{"Est. reading time":"3 minutes"},"schema":{"@context":"https:\/\/schema.org","@graph":[{"@type":"WebPage","@id":"https:\/\/www.cadbas.de\/jobs-karriere\/","url":"https:\/\/www.cadbas.de\/jobs-karriere\/","name":"Jobs & Karriere - CADBAS GmbH","isPartOf":{"@id":"https:\/\/www.cadbas.de\/#website"},"primaryImageOfPage":{"@id":"https:\/\/www.cadbas.de\/jobs-karriere\/#primaryimage"},"image":{"@id":"https:\/\/www.cadbas.de\/jobs-karriere\/#primaryimage"},"thumbnailUrl":"https:\/\/www.cadbas.de\/wp-content\/uploads\/2019\/09\/ci16_jobsundkarriere-1.jpg","datePublished":"2019-09-24T13:32:31+00:00","dateModified":"2025-04-02T09:46:35+00:00","breadcrumb":{"@id":"https:\/\/www.cadbas.de\/jobs-karriere\/#breadcrumb"},"inLanguage":"en-US","potentialAction":[{"@type":"ReadAction","target":["https:\/\/www.cadbas.de\/jobs-karriere\/"]}]},{"@type":"ImageObject","inLanguage":"en-US","@id":"https:\/\/www.cadbas.de\/jobs-karriere\/#primaryimage","url":"https:\/\/www.cadbas.de\/wp-content\/uploads\/2019\/09\/ci16_jobsundkarriere-1.jpg","contentUrl":"https:\/\/www.cadbas.de\/wp-content\/uploads\/2019\/09\/ci16_jobsundkarriere-1.jpg","width":1440,"height":420},{"@type":"BreadcrumbList","@id":"https:\/\/www.cadbas.de\/jobs-karriere\/#breadcrumb","itemListElement":[{"@type":"ListItem","position":1,"name":"Startseite","item":"https:\/\/www.cadbas.de\/"},{"@type":"ListItem","position":2,"name":"Jobs &#038; Karriere"}]},{"@type":"WebSite","@id":"https:\/\/www.cadbas.de\/#website","url":"https:\/\/www.cadbas.de\/","name":"CADBAS GmbH","description":"CADBAS GmbH","publisher":{"@id":"https:\/\/www.cadbas.de\/#organization"},"potentialAction":[{"@type":"SearchAction","target":{"@type":"EntryPoint","urlTemplate":"https:\/\/www.cadbas.de\/?s={search_term_string}"},"query-input":{"@type":"PropertyValueSpecification","valueRequired":true,"valueName":"search_term_string"}}],"inLanguage":"en-US"},{"@type":"Organization","@id":"https:\/\/www.cadbas.de\/#organization","name":"CADBAS GmbH","url":"https:\/\/www.cadbas.de\/","logo":{"@type":"ImageObject","inLanguage":"en-US","@id":"https:\/\/www.cadbas.de\/#\/schema\/logo\/image\/","url":"https:\/\/www.cadbas.de\/wp-content\/uploads\/2019\/09\/C16_20160602.png","contentUrl":"https:\/\/www.cadbas.de\/wp-content\/uploads\/2019\/09\/C16_20160602.png","width":2284,"height":629,"caption":"CADBAS GmbH"},"image":{"@id":"https:\/\/www.cadbas.de\/#\/schema\/logo\/image\/"}}]}},"_links":{"self":[{"href":"https:\/\/www.cadbas.de\/en\/wp-json\/wp\/v2\/pages\/159","targetHints":{"allow":["GET"]}}],"collection":[{"href":"https:\/\/www.cadbas.de\/en\/wp-json\/wp\/v2\/pages"}],"about":[{"href":"https:\/\/www.cadbas.de\/en\/wp-json\/wp\/v2\/types\/page"}],"author":[{"embeddable":true,"href":"https:\/\/www.cadbas.de\/en\/wp-json\/wp\/v2\/users\/1"}],"replies":[{"embeddable":true,"href":"https:\/\/www.cadbas.de\/en\/wp-json\/wp\/v2\/comments?post=159"}],"version-history":[{"count":0,"href":"https:\/\/www.cadbas.de\/en\/wp-json\/wp\/v2\/pages\/159\/revisions"}],"wp:featuredmedia":[{"embeddable":true,"href":"https:\/\/www.cadbas.de\/en\/wp-json\/wp\/v2\/media\/119"}],"wp:attachment":[{"href":"https:\/\/www.cadbas.de\/en\/wp-json\/wp\/v2\/media?parent=159"}],"curies":[{"name":"wp","href":"https:\/\/api.w.org\/{rel}","templated":true}]}}