{"id":118,"date":"2019-09-24T14:59:53","date_gmt":"2019-09-24T12:59:53","guid":{"rendered":"https:\/\/www.cadbas.de\/?page_id=118"},"modified":"2025-04-02T11:17:32","modified_gmt":"2025-04-02T09:17:32","slug":"spezialist-mdm","status":"publish","type":"page","link":"https:\/\/www.cadbas.de\/en\/spezialist-mdm\/","title":{"rendered":"Spezialist Master Data Management (m\/w\/d)"},"content":{"rendered":"<p><span style=\"color: #0000ff;\">German version only<\/span><\/p>\n<div class=\"col-sm-12 col-md-9\">\n<div class=\"blurb\">\n<p style=\"text-align: justify;\">Du suchst eine berufliche Herausforderung bei einem f\u00fchrenden Unternehmen, m\u00f6chtest aber in einem famili\u00e4ren Umfeld arbeiten? Bei CADBAS geht beides!<\/p>\n<p><strong>Deine Aufgaben<\/strong><\/p>\n<p style=\"text-align: justify;\">Als Spezialist Master Data Management begleitest du unsere Kunden bei der Einf\u00fchrung von MDM-Projekten. Du hilfst den Unternehmen dabei, Ihre Anforderungen in geeignete Datenmodelle und Prozesse umzusetzen und stehst ihnen in den weiteren Projektphasen unterst\u00fctzend zur Seite. Du hast Spa\u00df am Thema Teilemanagement und m\u00f6chtest unseren Kunden durch deine Arbeit zu mehr Effizienz verhelfen. Du koordinierst die verschiedenen Arbeitspakete, testest und dokumentierst die projektspezifischen Arbeitsergebnisse und begleitest Trainings und Coachings.<\/p>\n<p><strong>Was Du mitbringen solltest:<\/strong><\/p>\n<ul>\n<li>Ein abgeschlossenes Ingenieurwissenschaftliches Studium oder eine vergleichbare Ausbildung und Erfahrung im Bereich Wirtschaftsingenieurwesen, Maschinenbau, Mechatronik.<\/li>\n<li>Erfahrung im Bereich Stammdatenmanagement\/-pflege sowie dem Aufbau von Klassifikations-\/Produktstrukturen bzw. der Definition von Prozessen und Datenmodellen.<\/li>\n<li>Idealerweise: Grundkenntnisse im Umgang mit SAP (Modul MM).<\/li>\n<li>Sehr gute MS Office Kenntnisse, insbesondere in MS Excel.<\/li>\n<li>Sichere Deutsch- und Englischkenntnisse in Wort und Schrift.<\/li>\n<li>Eine engagierte, teamorientierte und selbst\u00e4ndige Arbeitsweise.<\/li>\n<li>Analytische, konzeptionelle und organisatorische F\u00e4higkeiten.<\/li>\n<li>Eine Hands-on-Mentalit\u00e4t mit dem Blick f\u00fcr qualitativ hochwertige L\u00f6sungen.<\/li>\n<li>Eine hohe Kunden- und Serviceorientierung, Kommunikationsst\u00e4rke und ein freundliches, aufgeschlossenes Wesen.<\/li>\n<\/ul>\n<p><strong>Was wir Dir bieten:<\/strong><\/p>\n<ul>\n<li>Familienunternehmen: Ein famili\u00e4res und offenes Betriebsklima, lockere Atmosph\u00e4re, flache Hierarchien, kurze Entscheidungswege.<\/li>\n<li>Moderne Arbeitsbedingungen: Flexible Arbeitszeiten, mobiles Arbeiten, 30 Tage Urlaub, unbefristetes Anstellungsverh\u00e4ltnis.<\/li>\n<li>Abwechslung: Eine abwechslugnsreiche, spannende Position und ein hohes Ma\u00df an Selbst\u00e4ndigkeit.<\/li>\n<li>Betriebliche Altersvorsorge: Ein attraktives Angebot zur Unterst\u00fctzung deiner Altersvorsorge.<\/li>\n<li>Bike-Leasing: Ein Firmenfahrrad auch zur privaten Nutzung.<\/li>\n<li>Frisches Obst und Getr\u00e4nke: W\u00f6chentliche frische Obstlieferung und kostenlose Getr\u00e4nke.<\/li>\n<li>Jubilare: Individuelle Aufmerksamkeiten zu Firmenjubil\u00e4en.<\/li>\n<li>Mitarbeiter-Events: Gemeinsame Feiern und Team-Events.<\/li>\n<li>Top Lage: Sehr gute Anbindung an den \u00d6PNV und die Autobahn.<\/li>\n<li>Parkm\u00f6glichkeiten: Kostenlose Parkpl\u00e4tze.<\/li>\n<\/ul>\n<\/div>\n<\/div>\n","protected":false},"excerpt":{"rendered":"<p>German version only Du suchst eine berufliche Herausforderung bei einem f\u00fchrenden Unternehmen, m\u00f6chtest aber in einem famili\u00e4ren Umfeld arbeiten? Bei CADBAS geht beides! Deine Aufgaben Als Spezialist Master Data Management begleitest du unsere Kunden bei der Einf\u00fchrung von MDM-Projekten. Du<\/p>\n","protected":false},"author":1,"featured_media":119,"parent":0,"menu_order":0,"comment_status":"closed","ping_status":"closed","template":"","meta":{"footnotes":""},"class_list":["post-118","page","type-page","status-publish","has-post-thumbnail","hentry"],"translation":{"provider":"WPGlobus","version":"3.0.2","language":"en","enabled_languages":["de","en"],"languages":{"de":{"title":true,"content":true,"excerpt":false},"en":{"title":true,"content":true,"excerpt":false}}},"yoast_head":"<!-- This site is optimized with the Yoast SEO plugin v27.3 - https:\/\/yoast.com\/product\/yoast-seo-wordpress\/ -->\n<title>Spezialist Master Data Management (m\/w\/d) - CADBAS GmbH<\/title>\n<meta name=\"robots\" content=\"index, follow, max-snippet:-1, max-image-preview:large, max-video-preview:-1\" \/>\n<link rel=\"canonical\" href=\"https:\/\/www.cadbas.de\/spezialist-mdm\/\" \/>\n<meta property=\"og:locale\" content=\"en_US\" \/>\n<meta property=\"og:type\" content=\"article\" \/>\n<meta property=\"og:title\" content=\"Spezialist Master Data Management (m\/w\/d) - CADBAS GmbH\" \/>\n<meta property=\"og:url\" content=\"https:\/\/www.cadbas.de\/spezialist-mdm\/\" \/>\n<meta property=\"og:site_name\" content=\"CADBAS GmbH\" \/>\n<meta property=\"article:modified_time\" content=\"2025-04-02T09:17:32+00:00\" \/>\n<meta property=\"og:image\" content=\"https:\/\/www.cadbas.de\/wp-content\/uploads\/2019\/09\/ci16_jobsundkarriere-1.jpg\" \/>\n\t<meta property=\"og:image:width\" content=\"1440\" \/>\n\t<meta property=\"og:image:height\" content=\"420\" \/>\n\t<meta property=\"og:image:type\" content=\"image\/jpeg\" \/>\n<meta name=\"twitter:card\" content=\"summary_large_image\" \/>\n<meta name=\"twitter:label1\" content=\"Est. reading time\" \/>\n\t<meta name=\"twitter:data1\" content=\"2 minutes\" \/>\n<script type=\"application\/ld+json\" class=\"yoast-schema-graph\">{\"@context\":\"https:\\\/\\\/schema.org\",\"@graph\":[{\"@type\":\"WebPage\",\"@id\":\"https:\\\/\\\/www.cadbas.de\\\/spezialist-mdm\\\/\",\"url\":\"https:\\\/\\\/www.cadbas.de\\\/spezialist-mdm\\\/\",\"name\":\"Spezialist Master Data Management (m\\\/w\\\/d) - CADBAS GmbH\",\"isPartOf\":{\"@id\":\"https:\\\/\\\/www.cadbas.de\\\/#website\"},\"primaryImageOfPage\":{\"@id\":\"https:\\\/\\\/www.cadbas.de\\\/spezialist-mdm\\\/#primaryimage\"},\"image\":{\"@id\":\"https:\\\/\\\/www.cadbas.de\\\/spezialist-mdm\\\/#primaryimage\"},\"thumbnailUrl\":\"https:\\\/\\\/www.cadbas.de\\\/wp-content\\\/uploads\\\/2019\\\/09\\\/ci16_jobsundkarriere-1.jpg\",\"datePublished\":\"2019-09-24T12:59:53+00:00\",\"dateModified\":\"2025-04-02T09:17:32+00:00\",\"breadcrumb\":{\"@id\":\"https:\\\/\\\/www.cadbas.de\\\/spezialist-mdm\\\/#breadcrumb\"},\"inLanguage\":\"en-US\",\"potentialAction\":[{\"@type\":\"ReadAction\",\"target\":[\"https:\\\/\\\/www.cadbas.de\\\/spezialist-mdm\\\/\"]}]},{\"@type\":\"ImageObject\",\"inLanguage\":\"en-US\",\"@id\":\"https:\\\/\\\/www.cadbas.de\\\/spezialist-mdm\\\/#primaryimage\",\"url\":\"https:\\\/\\\/www.cadbas.de\\\/wp-content\\\/uploads\\\/2019\\\/09\\\/ci16_jobsundkarriere-1.jpg\",\"contentUrl\":\"https:\\\/\\\/www.cadbas.de\\\/wp-content\\\/uploads\\\/2019\\\/09\\\/ci16_jobsundkarriere-1.jpg\",\"width\":1440,\"height\":420},{\"@type\":\"BreadcrumbList\",\"@id\":\"https:\\\/\\\/www.cadbas.de\\\/spezialist-mdm\\\/#breadcrumb\",\"itemListElement\":[{\"@type\":\"ListItem\",\"position\":1,\"name\":\"Startseite\",\"item\":\"https:\\\/\\\/www.cadbas.de\\\/\"},{\"@type\":\"ListItem\",\"position\":2,\"name\":\"Spezialist Master Data Management (m\\\/w\\\/d)\"}]},{\"@type\":\"WebSite\",\"@id\":\"https:\\\/\\\/www.cadbas.de\\\/#website\",\"url\":\"https:\\\/\\\/www.cadbas.de\\\/\",\"name\":\"CADBAS GmbH\",\"description\":\"CADBAS GmbH\",\"publisher\":{\"@id\":\"https:\\\/\\\/www.cadbas.de\\\/#organization\"},\"potentialAction\":[{\"@type\":\"SearchAction\",\"target\":{\"@type\":\"EntryPoint\",\"urlTemplate\":\"https:\\\/\\\/www.cadbas.de\\\/?s={search_term_string}\"},\"query-input\":{\"@type\":\"PropertyValueSpecification\",\"valueRequired\":true,\"valueName\":\"search_term_string\"}}],\"inLanguage\":\"en-US\"},{\"@type\":\"Organization\",\"@id\":\"https:\\\/\\\/www.cadbas.de\\\/#organization\",\"name\":\"CADBAS GmbH\",\"url\":\"https:\\\/\\\/www.cadbas.de\\\/\",\"logo\":{\"@type\":\"ImageObject\",\"inLanguage\":\"en-US\",\"@id\":\"https:\\\/\\\/www.cadbas.de\\\/#\\\/schema\\\/logo\\\/image\\\/\",\"url\":\"https:\\\/\\\/www.cadbas.de\\\/wp-content\\\/uploads\\\/2019\\\/09\\\/C16_20160602.png\",\"contentUrl\":\"https:\\\/\\\/www.cadbas.de\\\/wp-content\\\/uploads\\\/2019\\\/09\\\/C16_20160602.png\",\"width\":2284,\"height\":629,\"caption\":\"CADBAS GmbH\"},\"image\":{\"@id\":\"https:\\\/\\\/www.cadbas.de\\\/#\\\/schema\\\/logo\\\/image\\\/\"}}]}<\/script>\n<!-- \/ Yoast SEO plugin. -->","yoast_head_json":{"title":"Spezialist Master Data Management (m\/w\/d) - CADBAS GmbH","robots":{"index":"index","follow":"follow","max-snippet":"max-snippet:-1","max-image-preview":"max-image-preview:large","max-video-preview":"max-video-preview:-1"},"canonical":"https:\/\/www.cadbas.de\/spezialist-mdm\/","og_locale":"en_US","og_type":"article","og_title":"Spezialist Master Data Management (m\/w\/d) - CADBAS GmbH","og_url":"https:\/\/www.cadbas.de\/spezialist-mdm\/","og_site_name":"CADBAS GmbH","article_modified_time":"2025-04-02T09:17:32+00:00","og_image":[{"width":1440,"height":420,"url":"https:\/\/www.cadbas.de\/wp-content\/uploads\/2019\/09\/ci16_jobsundkarriere-1.jpg","type":"image\/jpeg"}],"twitter_card":"summary_large_image","twitter_misc":{"Est. reading time":"2 minutes"},"schema":{"@context":"https:\/\/schema.org","@graph":[{"@type":"WebPage","@id":"https:\/\/www.cadbas.de\/spezialist-mdm\/","url":"https:\/\/www.cadbas.de\/spezialist-mdm\/","name":"Spezialist Master Data Management (m\/w\/d) - CADBAS GmbH","isPartOf":{"@id":"https:\/\/www.cadbas.de\/#website"},"primaryImageOfPage":{"@id":"https:\/\/www.cadbas.de\/spezialist-mdm\/#primaryimage"},"image":{"@id":"https:\/\/www.cadbas.de\/spezialist-mdm\/#primaryimage"},"thumbnailUrl":"https:\/\/www.cadbas.de\/wp-content\/uploads\/2019\/09\/ci16_jobsundkarriere-1.jpg","datePublished":"2019-09-24T12:59:53+00:00","dateModified":"2025-04-02T09:17:32+00:00","breadcrumb":{"@id":"https:\/\/www.cadbas.de\/spezialist-mdm\/#breadcrumb"},"inLanguage":"en-US","potentialAction":[{"@type":"ReadAction","target":["https:\/\/www.cadbas.de\/spezialist-mdm\/"]}]},{"@type":"ImageObject","inLanguage":"en-US","@id":"https:\/\/www.cadbas.de\/spezialist-mdm\/#primaryimage","url":"https:\/\/www.cadbas.de\/wp-content\/uploads\/2019\/09\/ci16_jobsundkarriere-1.jpg","contentUrl":"https:\/\/www.cadbas.de\/wp-content\/uploads\/2019\/09\/ci16_jobsundkarriere-1.jpg","width":1440,"height":420},{"@type":"BreadcrumbList","@id":"https:\/\/www.cadbas.de\/spezialist-mdm\/#breadcrumb","itemListElement":[{"@type":"ListItem","position":1,"name":"Startseite","item":"https:\/\/www.cadbas.de\/"},{"@type":"ListItem","position":2,"name":"Spezialist Master Data Management (m\/w\/d)"}]},{"@type":"WebSite","@id":"https:\/\/www.cadbas.de\/#website","url":"https:\/\/www.cadbas.de\/","name":"CADBAS GmbH","description":"CADBAS GmbH","publisher":{"@id":"https:\/\/www.cadbas.de\/#organization"},"potentialAction":[{"@type":"SearchAction","target":{"@type":"EntryPoint","urlTemplate":"https:\/\/www.cadbas.de\/?s={search_term_string}"},"query-input":{"@type":"PropertyValueSpecification","valueRequired":true,"valueName":"search_term_string"}}],"inLanguage":"en-US"},{"@type":"Organization","@id":"https:\/\/www.cadbas.de\/#organization","name":"CADBAS GmbH","url":"https:\/\/www.cadbas.de\/","logo":{"@type":"ImageObject","inLanguage":"en-US","@id":"https:\/\/www.cadbas.de\/#\/schema\/logo\/image\/","url":"https:\/\/www.cadbas.de\/wp-content\/uploads\/2019\/09\/C16_20160602.png","contentUrl":"https:\/\/www.cadbas.de\/wp-content\/uploads\/2019\/09\/C16_20160602.png","width":2284,"height":629,"caption":"CADBAS GmbH"},"image":{"@id":"https:\/\/www.cadbas.de\/#\/schema\/logo\/image\/"}}]}},"_links":{"self":[{"href":"https:\/\/www.cadbas.de\/en\/wp-json\/wp\/v2\/pages\/118","targetHints":{"allow":["GET"]}}],"collection":[{"href":"https:\/\/www.cadbas.de\/en\/wp-json\/wp\/v2\/pages"}],"about":[{"href":"https:\/\/www.cadbas.de\/en\/wp-json\/wp\/v2\/types\/page"}],"author":[{"embeddable":true,"href":"https:\/\/www.cadbas.de\/en\/wp-json\/wp\/v2\/users\/1"}],"replies":[{"embeddable":true,"href":"https:\/\/www.cadbas.de\/en\/wp-json\/wp\/v2\/comments?post=118"}],"version-history":[{"count":0,"href":"https:\/\/www.cadbas.de\/en\/wp-json\/wp\/v2\/pages\/118\/revisions"}],"wp:featuredmedia":[{"embeddable":true,"href":"https:\/\/www.cadbas.de\/en\/wp-json\/wp\/v2\/media\/119"}],"wp:attachment":[{"href":"https:\/\/www.cadbas.de\/en\/wp-json\/wp\/v2\/media?parent=118"}],"curies":[{"name":"wp","href":"https:\/\/api.w.org\/{rel}","templated":true}]}}